{"id":126,"date":"2024-04-10T19:24:54","date_gmt":"2024-04-10T19:24:54","guid":{"rendered":"https:\/\/vlei.io\/se\/?page_id=126"},"modified":"2024-04-11T09:27:13","modified_gmt":"2024-04-11T09:27:13","slug":"emir-refit-rapportering","status":"publish","type":"page","link":"https:\/\/vlei.io\/se\/emir-refit-rapportering\/","title":{"rendered":"Inf\u00f6r EMIR REFIT : Introduktion till v\u00e5r Watchlist-service"},"content":{"rendered":"\n<p>EMIR REFIT \u00e4r en uppdatering av EMIR-f\u00f6rordningen fr\u00e5n EU-kommissionen som tr\u00e4der i kraft den 29 april 2024. Syftet \u00e4r att \u00f6ka transparensen, minska riskerna och effektivisera rapporteringen p\u00e5 finansmarknaderna. Det \u00e4r en del av EU-initiativet &#8216;B\u00e4ttre lagstiftning&#8217; som <a href=\"https:\/\/commission.europa.eu\/law\/law-making-process\/planning-and-proposing-law\/better-regulation_sv\" data-type=\"link\" data-id=\"https:\/\/commission.europa.eu\/law\/law-making-process\/planning-and-proposing-law\/better-regulation_sv#:~:text=B%C3%A4ttre%20lagstiftning%20handlar%20om%20att,d%C3%A4r%20arbetet%20g%C3%B6r%20st%C3%B6rst%20nytta.\" target=\"_blank\" rel=\"noopener\">syftar till att f\u00f6renkla och f\u00f6rb\u00e4ttra<\/a> EU-lagstiftningen samt g\u00f6ra den evidensbaserad.<\/p>\n\n\n\n<p>I samband med <a href=\"https:\/\/www.esma.europa.eu\/press-news\/esma-news\/esma-publishes-guidelines-and-technical-documentation-reporting-under-emir\" data-type=\"link\" data-id=\"https:\/\/www.esma.europa.eu\/press-news\/esma-news\/esma-publishes-guidelines-and-technical-documentation-reporting-under-emir\" target=\"_blank\" rel=\"noopener\">EMIR REFIT<\/a> sker betydande f\u00f6r\u00e4ndringar i rapporteringsskyldigheterna, tillsammans med striktare kontroller och standardiserings\u00e5tg\u00e4rder. Bland annat har antalet rapporteringsf\u00e4lt \u00f6kat fr\u00e5n 129 till 203, medan formatet f\u00f6r data\u00f6verf\u00f6ring nu kommer att f\u00f6lja ISO 20022-XML-standarden. Dessa f\u00f6r\u00e4ndringar understryker EU:s \u00e5tagande att st\u00e4rka marknadens transparens och minska systemriskerna.<\/p>\n\n\n\n<p>En aspekt av efterlevnaden av EMIR REFIT r\u00f6r monitorering och s\u00e4kerst\u00e4llande av LEI-koders status. Finansinstitut m\u00e5ste se till att LEI-koderna f\u00f6r deras motparter f\u00f6rnyas i tid. Detta kr\u00e4ver en proaktiv hantering f\u00f6r att f\u00f6rhindra eventuella st\u00f6rningar och ytterligare rapporteringskrav p\u00e5 grund av LEI-koder som upph\u00f6rt att g\u00e4lla.<\/p>\n\n\n\n<p>F\u00f6r att hj\u00e4lpa organisationer att uppfylla dessa nya krav lanserar vi v\u00e5r LEI Watchlist Service. V\u00e5r tj\u00e4nst \u00e4r framtagen f\u00f6r banker, kapitalf\u00f6rvaltare och stora organisationer och erbjuder en helt\u00e4ckande l\u00f6sning f\u00f6r att enkelt uppfylla de uppdaterade kraven som st\u00e4lls f\u00f6r monitorering av LEI i samband med EMIR REFIT.<\/p>\n\n\n\n<p>Viktiga funktioner i v\u00e5r LEI Watchlist-tj\u00e4nst:<\/p>\n\n\n\n<p><strong>Enkel \u00f6vervakning av relevanta LEI<\/strong><br>Med v\u00e5rt anv\u00e4ndarv\u00e4nliga gr\u00e4nssnitt kan du enkelt \u00f6vervaka LEI som \u00e4r av intresse f\u00f6r er organisation. Navigera enkelt genom din bevakningslista och h\u00e5ll dig informerad om statusen f\u00f6r kritiska LEI-koder.<\/p>\n\n\n\n<p><strong>Automatiska p\u00e5minnelser om f\u00f6rnyelse<\/strong><br>V\u00e5rt system erbjuder automatiska p\u00e5minnelser om f\u00f6rnyelse, vilket s\u00e4kerst\u00e4ller kontinuerlig efterlevnad utan kr\u00e5ngel med tillsyn.<\/p>\n\n\n\n<p><strong>Effektiv datahantering<\/strong><br>Importera och exportera listor \u00f6ver LEI direkt via v\u00e5r plattform. F\u00f6renkla dataintegrationen med befintliga system och f\u00f6rb\u00e4ttra den \u00f6vergripande effektiviteten i efterlevnadshanteringen.<\/p>\n\n\n\n<p><strong>Uppdateringar i realtid<\/strong><br>F\u00e5 omedelbara uppdateringar om statusen f\u00f6r de LEI som du \u00f6vervakar. V\u00e5rt system h\u00e4mtar och visualiserar de senaste uppgifterna fr\u00e5n Global Legal Entity Identifier Foundation (GLEIF) i realtid, vilket s\u00e4kerst\u00e4ller att du har tillg\u00e5ng till den mest korrekta och aktuella informationen.<\/p>\n\n\n\n<p>Inom ett regelverk som betonar efterlevnad g\u00f6r v\u00e5r LEI Watchlist Service det m\u00f6jligt f\u00f6r organisationer att uppfylla EMIR REFIT-\u00e5tagandet kopplat till LEI. <\/p>\n\n\n\n<p>Genom att centralisera LEI-hanteringen och erbjuda intuitiva verktyg f\u00f6r \u00f6vervakning m\u00f6jligg\u00f6r vi en smidig efterlevnad av lagstadgade standarder.<\/p>\n\n\n\n<p>Eftersom implementering av EMIR REFIT \u00e4r precis runt h\u00f6rnet \u00e4r det viktigt f\u00f6r ber\u00f6rda organisationer att vidta proaktiva \u00e5tg\u00e4rder i god tid.<\/p>\n\n\n\n<p>V\u00e5r LEI Watchlist-tj\u00e4nst finns tillg\u00e4nglig f\u00f6r att hj\u00e4lpa din organisation att leva upp till kraven dessa regel\u00e4ndringar inneb\u00e4r.<\/p>\n\n\n\n<p>Du kan l\u00e4sa mer om de uppdaterade kraven relaterade till LEI i de nya riktlinjerna f\u00f6r EMIR REFIT-rapportering som <a href=\"https:\/\/www.esma.europa.eu\/sites\/default\/files\/library\/esma74-362-2281_final_report_guidelines_emir_refit.pdf\" data-type=\"link\" data-id=\"https:\/\/www.esma.europa.eu\/sites\/default\/files\/library\/esma74-362-2281_final_report_guidelines_emir_refit.pdf\" target=\"_blank\" rel=\"noopener\">publicerats av ESMA h\u00e4r.<\/a><\/p>\n\n\n\n<p>Kontakta oss idag f\u00f6r en demo av v\u00e5r LEI Watchlist-tj\u00e4nst eller f\u00f6r att diskutera er beredskap inf\u00f6r EMIR REFIT.<\/p>\n\n\n\n<p>Tveka inte kontakta oss f\u00f6r en demonstration eller om du har mer fr\u00e5gor om EMIR REFIT<\/p>\n","protected":false},"excerpt":{"rendered":"<p>EMIR REFIT \u00e4r en uppdatering av EMIR-f\u00f6rordningen fr\u00e5n EU-kommissionen som tr\u00e4der i kraft den 29 april 2024. Syftet \u00e4r att \u00f6ka transparensen, minska riskerna och effektivisera rapporteringen p\u00e5 finansmarknaderna. Det \u00e4r en del av EU-initiativet &#8216;B\u00e4ttre lagstiftning&#8217; som syftar till att f\u00f6renkla och f\u00f6rb\u00e4ttra EU-lagstiftningen samt g\u00f6ra den evidensbaserad. I samband med EMIR REFIT sker [&hellip;]<\/p>\n","protected":false},"author":1,"featured_media":0,"parent":0,"menu_order":0,"comment_status":"closed","ping_status":"closed","template":"","meta":{"footnotes":""},"class_list":["post-126","page","type-page","status-publish","hentry"],"_links":{"self":[{"href":"https:\/\/vlei.io\/se\/wp-json\/wp\/v2\/pages\/126","targetHints":{"allow":["GET"]}}],"collection":[{"href":"https:\/\/vlei.io\/se\/wp-json\/wp\/v2\/pages"}],"about":[{"href":"https:\/\/vlei.io\/se\/wp-json\/wp\/v2\/types\/page"}],"author":[{"embeddable":true,"href":"https:\/\/vlei.io\/se\/wp-json\/wp\/v2\/users\/1"}],"replies":[{"embeddable":true,"href":"https:\/\/vlei.io\/se\/wp-json\/wp\/v2\/comments?post=126"}],"version-history":[{"count":8,"href":"https:\/\/vlei.io\/se\/wp-json\/wp\/v2\/pages\/126\/revisions"}],"predecessor-version":[{"id":139,"href":"https:\/\/vlei.io\/se\/wp-json\/wp\/v2\/pages\/126\/revisions\/139"}],"wp:attachment":[{"href":"https:\/\/vlei.io\/se\/wp-json\/wp\/v2\/media?parent=126"}],"curies":[{"name":"wp","href":"https:\/\/api.w.org\/{rel}","templated":true}]}}