{"id":159,"date":"2024-04-17T12:30:13","date_gmt":"2024-04-17T12:30:13","guid":{"rendered":"https:\/\/vlei.io\/se\/?page_id=159"},"modified":"2024-04-17T12:42:13","modified_gmt":"2024-04-17T12:42:13","slug":"nord-vlei-ar-den-forsta-europeiska-gleif-qvi-qualified-vlei-issuer","status":"publish","type":"page","link":"https:\/\/vlei.io\/se\/nord-vlei-ar-den-forsta-europeiska-gleif-qvi-qualified-vlei-issuer\/","title":{"rendered":"Nord vLEI \u00e4r den f\u00f6rsta europeiska GLEIF QVI (Qualified vLEI Issuer)"},"content":{"rendered":"\n<p><em>Nord vLEI \u00e4r nu en GLEIF Qualified vLEI Issuer.<\/em> <em>Nord vLEI fokuserar p\u00e5 utf\u00e4rdandet och hanteringen av vLEI:er och deras tillh\u00f6rande OOR- och ECR-referenser.<\/em><\/p>\n\n\n\n<p><a href=\"https:\/\/nordvlei.com\" data-type=\"link\" data-id=\"https:\/\/nordvlei.com\" target=\"_blank\" rel=\"noopener\">Nord vLEI<\/a> \u00e4r nu officiellt den f\u00f6rsta europeiska Qualified vLEI Issuer (QVI) inom vLEI-systemet av GLEIF. Verifierbar Legal Entity Identifier (vLEI) \u00e4r en ny form av digital organisationsidentitet som bygger p\u00e5 Global Legal Entity Identifier System (GLEIS). vLEI m\u00f6jligg\u00f6r automatisk autentisering och verifiering av juridiska personer globalt inom en rad olika branscher.<\/p>\n\n\n\n<p>vLEI-systemet bygger p\u00e5 metamodellen Trust over IP Governance och utnyttjar specifikationen ACDC (Authentic Chained Data Container), protokollet KERI (Key Event Receipt Infrastructure) f\u00f6r nyckelhantering och CESR (Composable Event Streaming Representation) f\u00f6r s\u00e4ker digital signering.<\/p>\n\n\n\n<p>Genom att anv\u00e4nda verifierbara referenser och \u00f6ppna standarder skapar vLEI en verifierbar l\u00e4nk mellan en organisation och dess representanter. De digitala autentiseringsuppgifterna \u00e4r inte bara manipuleringsskyddade utan kan ocks\u00e5 verifieras p\u00e5 ett decentraliserat s\u00e4tt.<\/p>\n\n\n\n<p>Det finns tv\u00e5 typer av organisationsreferenser i vLEI-systemet: Official Organization Role (OOR) baserat p\u00e5 <a href=\"https:\/\/www.iso.org\/standard\/80603.html\" target=\"_blank\" rel=\"noopener\"><u>ISO 5009-roller<\/u><\/a> och Engagement Context Role (ECR) som \u00e4r referenser som definieras av vLEI-innehavaren sj\u00e4lv. Dessa uppgifter kan verifieras utan manuell inblandning, vilket m\u00f6jligg\u00f6r automatiserade arbetsfl\u00f6den.<\/p>\n\n\n\n<p>Den verifierbara Legal Entity Identifier (vLEI) har utvecklats av Global Legal Entity Foundation (GLEIF). GLEIF \u00e4r en internationellt erk\u00e4nd organisation som fokuserar p\u00e5 implementeringen av det globala identifieringssystemet f\u00f6r juridiska personer, k\u00e4nt som Legal Entity Identifier (LEI).<\/p>\n\n\n\n<p>Nord vLEI \u00e4r ett dotterbolag till <a href=\"https:\/\/nordlei.org\/\" target=\"_blank\" rel=\"noopener\"><u>NordLEI<\/u><\/a> som grundades 2024 med fokus p\u00e5 utveckling, f\u00f6rvaltning och implementering av verifierbara Legal Entity Identifiers (vLEI).<\/p>\n\n\n\n<p>Nord vLEI bygger p\u00e5 NordLEI:s expertis och rykte som f\u00f6r n\u00e4rvarande \u00e4r den ledande LEI-utf\u00e4rdaren i Norden med mer \u00e4n 165 000 Legal Entity Identifiers (LEI) utf\u00e4rdade sedan 2014.<\/p>\n\n\n\n<p>NordLEI erk\u00e4ndes som den b\u00e4st presterande LEI-utf\u00e4rdaren i Mid-Cap-segmentet av Global Legal Entity Identifier Foundation (GLEIF) under 2023 och \u00e4r v\u00e4rldens \u00e5ttonde st\u00f6rsta LEI-utf\u00e4rdare och en GLEIF-ackrediterad Local Operating Unit.<\/p>\n\n\n\n<p>NordLEIs prestationer, inklusive dess erk\u00e4nnande av GLEIF och dess status <br>som den fr\u00e4msta LEI-emittenten i Skandinavien, utg\u00f6r en solid grund f\u00f6r Nord vLEI att bygga vidare p\u00e5.<\/p>\n\n\n\n<p>Anders \u00c5str\u00f6m, VD och medgrundare av NordLEI, kommenterar:<\/p>\n\n\n\n<p>&#8220;Nord vLEI \u00e4r stolt \u00f6ver att vara den f\u00f6rsta europeiska QVI-emittenten. Styrkan i den globala ekonomin ligger i dess transparens och f\u00f6rtroende. vLEI m\u00f6jligg\u00f6r funktionella, tillf\u00f6rlitliga och etiska interaktioner i en omfattning som aldrig tidigare varit m\u00f6jligt. Det minskar risken f\u00f6r bedr\u00e4gerier och ineffektivitet avsev\u00e4rt. Som QVI kommer vi att leverera samma kvalitet som vi har blivit k\u00e4nda f\u00f6r med NordLEI.&#8221;<\/p>\n\n\n\n<p>Rickard Israelsson, medgrundare av NordLEI forts\u00e4tter:<\/p>\n\n\n\n<p>&#8220;Att uppn\u00e5 status som Qualified vLEI Issuer bekr\u00e4ftar v\u00e5r vision att ligga i framkant av den digitala omst\u00e4llningen inom identifiering och autentisering, n\u00e5got vi har str\u00e4vat efter sedan starten av NordLEI 2014. vLEI g\u00f6r tillf\u00f6rlitliga och p\u00e5litliga digitala transaktioner och interaktioner m\u00f6jliga och effektiva. Det \u00e4r en \u00e4ra att vara den f\u00f6rsta QVI:n i Europa.&#8221;<\/p>\n\n\n\n<p>Om Legal Entity Identifiers:<\/p>\n\n\n\n<p>Legal Entity Identifier (LEI) \u00e4r en kod p\u00e5 20 tecken som \u00e4r utformad f\u00f6r att unikt identifiera juridiska personer som deltar i finansiella transaktioner globalt. LEI-systemet syftar till att \u00f6ka transparensen inom finansiella datasystem och skapades som ett svar p\u00e5 finanskrisen 2007\/2008. En LEI-kod \u00e4r ett krav i m\u00e5nga jurisdiktioner v\u00e4rlden \u00f6ver f\u00f6r enheter som \u00e4r involverade i v\u00e4rdepappershandel.<\/p>\n\n\n\n<p>Om vLEI<\/p>\n\n\n\n<p>vLEI (Verifiable Legal Entity Identifier) f\u00f6rb\u00e4ttrar den traditionella LEI-koden genom att integrera verifierbara referenser, vilket m\u00f6jligg\u00f6r digital och decentraliserad autentisering av organisationsidentiteter f\u00f6r olika aktiviteter. Syftet \u00e4r att standardisera verifieringen av digitala identiteter globalt och f\u00f6rb\u00e4ttra transparensen och f\u00f6rtroendet f\u00f6r digitala transaktioner. <a href=\"https:\/\/vlei.com\/\" target=\"_blank\" rel=\"noopener\"><u>L\u00e4s mer om vLEI p\u00e5 vlei.com<\/u><\/a><\/p>\n\n\n\n<p>Om GLEIF:<\/p>\n\n\n\n<p>Global Legal Entity Identifier Foundation \u00e4r en schweizisk icke vinstdrivande organisation som grundades i juni 2014 f\u00f6r att \u00f6ka transparensen inom internationell finans. Den \u00f6vervakar LEI-systemet och auktoriserar lokala operativa enheter att utf\u00e4rda Legal Entity Identifiers (LEI). Den \u00e4r ocks\u00e5 Root of Trust i vLEI-systemet och kvalificerar QVI:er f\u00f6r att utf\u00e4rda vLEI:er.<\/p>\n\n\n\n<p>Om NordLEI:<\/p>\n\n\n\n<p>NordLEI grundades 2014 och \u00e4r baserat i Stockholm. F\u00f6retaget utm\u00e4rker sig som en ledande LEI-leverant\u00f6r i norra Europa och den f\u00f6rsta i Skandinavien med GLEIF-ackreditering och den f\u00f6rsta i Europa att bli en QVI genom sitt dotterbolag Nord vLEI. NordLEI \u00e4r den ledande LEI-utf\u00e4rdaren i Danmark, Norge och Sverige. F\u00f6retaget \u00e4r ocks\u00e5 k\u00e4nt f\u00f6r sitt engagemang f\u00f6r tj\u00e4nstekvalitet och s\u00e4kerhet, inklusive ISO 27001-certifiering. NordLEI f\u00f6ljer GDPR-standarder och verkar under tillsyn av den svenska Integritetsskyddsmyndigheten (IMY), vilket s\u00e4kerst\u00e4ller rigor\u00f6s efterlevnad och dataskyddspraxis.<\/p>\n\n\n\n<p>&#8212;&#8212;&#8212;&#8212;&#8211;DANISH&#8212;&#8212;&#8212;&#8212;&#8212;&#8212;&#8212;&#8211;<\/p>\n\n\n\n<h2 class=\"wp-block-heading\">Nord vLEI er den f\u00f8rste europ\u00e6iske GLEIF-kvalificerede QVI (Qualified vLEI Issuer)<\/h2>\n\n\n\n<p><em>Nord vLEI er nu en GLEIF-kvalificeret vLEI-udsteder.<\/em> <em>Nord vLEI fokuserer p\u00e5 udstedelse og administration af vLEI&#8217;er og deres tilknyttede OOR- og ECR-referencer.<\/em><\/p>\n\n\n\n<p><a href=\"https:\/\/nordvlei.com\/\" target=\"_blank\" rel=\"noopener\"><u>Nord vLEI<\/u><\/a> er nu officielt den f\u00f8rste europ\u00e6iske Qualified vLEI Issuer (QVI) inden for GLEIF&#8217;s vLEI-system. Den verificerbare Legal Entity Identifier (vLEI) er en ny form for digital organisationsidentitet, der bygger p\u00e5 Global Legal Entity Identifier System (GLEIS). vLEI muligg\u00f8r automatisk autentificering og verificering af juridiske enheder globalt p\u00e5 tv\u00e6rs af en r\u00e6kke forskellige brancher.<\/p>\n\n\n\n<p>vLEI-systemet er baseret p\u00e5 metamodellen Trust over IP Governance og udnytter ACDC-specifikationen (Authentic Chained Data Container), KERI-protokollen (Key Event Receipt Infrastructure) til n\u00f8gleh\u00e5ndtering og CESR-funktionerne (Composable Event Streaming Representation) til sikker digital signering.<\/p>\n\n\n\n<p>Ved at bruge verificerbare referencer og \u00e5bne standarder skaber vLEI et verificerbart link mellem en organisation og dens repr\u00e6sentanter. De digitale referencer er ikke kun manipulationssikre, men ogs\u00e5 verificerbare p\u00e5 en decentraliseret m\u00e5de.<\/p>\n\n\n\n<p>Der er to typer af organisatoriske referencer i vLEI-systemet: Official Organization Role (OOR) baseret p\u00e5 <a href=\"https:\/\/www.iso.org\/standard\/80603.html\" target=\"_blank\" rel=\"noopener\"><u>ISO 5009-roller<\/u><\/a> og Engagement Context Role (ECR), som er referencer defineret af vLEI-indehaveren selv. Disse referencer kan verificeres uden manuel indgriben, hvilket muligg\u00f8r automatiserede workflows.<\/p>\n\n\n\n<p>Den verificerbare Legal Entity Identifier (vLEI) er udviklet af Global Legal Entity Foundation (GLEIF). GLEIF er en internationalt anerkendt organisation, der fokuserer p\u00e5 implementeringen af det globale identifikationssystem for juridiske enheder, kendt som Legal Entity Identifier (LEI).<\/p>\n\n\n\n<p>Nord vLEI er et datterselskab af <a href=\"https:\/\/nordlei.org\/\" target=\"_blank\" rel=\"noopener\"><u>NordLEI<\/u><\/a> etableret i 2024 med fokus p\u00e5 udvikling, styring og implementering af Verifiable Legal Entity Identifiers (vLEI).<\/p>\n\n\n\n<p>Nord vLEI bygger p\u00e5 NordLEI&#8217;s ekspertise og omd\u00f8mme, som i \u00f8jeblikket er den f\u00f8rende LEI-udsteder i Norden med mere end 165.000 Legal Entity Identifiers (LEI&#8217;er) udstedt siden 2014.<\/p>\n\n\n\n<p><span style=\"font-size: revert; background-color: var(--wp--preset--color--base); color: var(--wp--preset--color--contrast); font-family: var(--wp--preset--font-family--body);\">NordLEI blev anerkendt som den bedst pr\u00e6sterende udsteder af lei-koder i Mid-Cap-segmentet af Global Legal Entity Identifier Foundation (GLEIF) i 2023 og er verdens 8. st\u00f8rste udsteder af lei-koder og en GLEIF-akkrediteret Local Operating Unit.<\/span><\/p>\n\n\n\n<p>NordLEI&#8217;s resultater, herunder anerkendelsen fra GLEIF og status som den st\u00f8rste LEI-udsteder i Skandinavien, giver Nord vLEI et solidt fundament at bygge videre p\u00e5.<\/p>\n\n\n\n<p>Anders \u00c5str\u00f6m, CEO og medstifter af NordLEI, kommenterer:<\/p>\n\n\n\n<p>&#8220;Nord vLEI er stolt over at vise vejen som den f\u00f8rste europ\u00e6iske QVI. Styrken i den globale \u00f8konomi ligger i dens gennemsigtighed og tillid. vLEI muligg\u00f8r funktionelle, p\u00e5lidelige og etiske interaktioner i et omfang, der aldrig er set f\u00f8r, og reducerer potentialet for svindel og ineffektivitet betydeligt. Som QVI vil vi levere den samme kvalitet, som vi er blevet kendt for med NordLEI.&#8221;<\/p>\n\n\n\n<p>Rickard Israelsson, medstifter af NordLEI, forts\u00e6tter:<\/p>\n\n\n\n<p>&#8220;At opn\u00e5 status som Qualified vLEI Issuer bekr\u00e6fter vores vision om at v\u00e6re p\u00e5 forkant med den digitale transformation inden for identifikation og autentificering, noget vi har str\u00e6bt efter siden starten af NordLEI i 2014. vLEI g\u00f8r trov\u00e6rdige og p\u00e5lidelige digitale transaktioner og interaktioner mulige og effektive. Det er en \u00e6re at v\u00e6re den f\u00f8rste QVI i Europa.&#8221;<\/p>\n\n\n\n<p>Om Legal Entity Identifiers:<\/p>\n\n\n\n<p>Legal Entity Identifier (LEI) er en kode p\u00e5 20 tegn, der er designet til entydigt at identificere juridiske enheder, der deltager i finansielle transaktioner globalt. LEI-systemet har til form\u00e5l at \u00f8ge gennemsigtigheden inden for finansielle datasystemer og blev oprettet som reaktion p\u00e5 finanskrisen i 2007\/2008. En LEI er et krav i mange jurisdiktioner verden over for enheder, der er involveret i v\u00e6rdipapirhandel.<\/p>\n\n\n\n<p>Om vLEI<\/p>\n\n\n\n<p>vLEI (Verifiable Legal Entity Identifier) forbedrer den traditionelle LEI ved at inkorporere verificerbare referencer, der muligg\u00f8r digital og decentraliseret autentificering af organisationsidentiteter til forskellige aktiviteter. Form\u00e5let er at standardisere digital identitetsbekr\u00e6ftelse globalt og forbedre gennemsigtighed og tillid i digitale transaktioner. <a href=\"https:\/\/vlei.com\/\" target=\"_blank\" rel=\"noopener\"><u>L\u00e6s mere om vLEI p\u00e5 vlei.com<\/u><\/a><\/p>\n\n\n\n<p>Om GLEIF:<\/p>\n\n\n\n<p>Global Legal Entity Identifier Foundation er en schweizisk non-profit organisation, der blev etableret i juni 2014 med det form\u00e5l at \u00f8ge gennemsigtigheden i den internationale finansverden. Den f\u00f8rer tilsyn med LEI-systemet og autoriserer lokale driftsenheder til at udstede Legal Entity Identifiers (LEI&#8217;er). Det er ogs\u00e5 Root of Trust i vLEI-systemet og kvalificerer QVI&#8217;er til at udstede vLEI&#8217;er.<\/p>\n\n\n\n<p>Om NordLEI:<\/p>\n\n\n\n<p>NordLEI blev grundlagt i 2014 og har base i Stockholm. Det skiller sig ud som en f\u00f8rende LEI-udbyder i Nordeuropa og den f\u00f8rste i Skandinavien med GLEIF-akkreditering og den f\u00f8rste i Europa til at blive en QVI gennem sit datterselskab Nord vLEI. NordLEI er den f\u00f8rende LEI-udsteder i Danmark, Norge og Sverige. Det er ogs\u00e5 anerkendt for sin dedikation til servicekvalitet og sikkerhed, herunder ISO 27001-certificering. NordLEI er i overensstemmelse med GDPR-standarder og opererer under tilsyn af den svenske myndighed for beskyttelse af privatlivets fred (IMY), hvilket sikrer streng overholdelse og databeskyttelsespraksis.<\/p>\n\n\n\n<p><\/p>\n\n\n\n<p>&#8212;&#8211; NORWEGIAN &#8212;&#8211;<br><\/p>\n\n\n\n<h2 class=\"wp-block-heading\">Nord vLEI er den f\u00f8rste europeiske GLEIF Qualified vLEI Issuer (QVI).<\/h2>\n\n\n\n<p><em>Nord vLEI er n\u00e5 en GLEIF-kvalifisert (QVI) vLEI-utsteder.<\/em> <em>Nord vLEI fokuserer p\u00e5 utstedelse og forvaltning av vLEI-er og tilh\u00f8rende OOR- og ECR-referanser.<\/em><\/p>\n\n\n\n<p><a href=\"https:\/\/nordvlei.com\" data-type=\"link\" data-id=\"https:\/\/nordvlei.com\" target=\"_blank\" rel=\"noopener\">Nord vLEI<\/a> er n\u00e5 offisielt den f\u00f8rste europeiske kvalifiserte vLEI-utstederen (&#8220;Qualified vLEI Issuer&#8221;, QVI) innenfor vLEI-systemet fra GLEIF. Verifiable Legal Entity Identifier (vLEI) er en ny form for digital organisasjonsidentitet som bygger p\u00e5 Global Legal Entity Identifier System (GLEIS). vLEI muliggj\u00f8r automatisk autentisering og verifisering av juridiske enheter globalt i en rekke bransjer.<\/p>\n\n\n\n<p>vLEI-systemet er basert p\u00e5 metamodellen Trust over IP Governance og utnytter ACDC-spesifikasjonen (Authentic Chained Data Container), KERI-protokollen (Key Event Receipt Infrastructure) for n\u00f8kkelh\u00e5ndtering og CESR-funksjonene (Composable Event Streaming Representation) for sikker digital signering.<\/p>\n\n\n\n<p>Ved \u00e5 bruke verifiserbar akkreditiver og \u00e5pne standarder skaper vLEI en verifiserbar kobling mellom en organisasjon og dens representanter. Den digitale legitimasjonen er ikke bare manipuleringssikker, men ogs\u00e5 verifiserbar p\u00e5 en desentralisert m\u00e5te.<\/p>\n\n\n\n<p>Det finnes to typer organisatorisk akkreditiver i vLEI-systemet: Official Organization Role (OOR), basert p\u00e5 <a href=\"https:\/\/www.iso.org\/standard\/80603.html\" target=\"_blank\" rel=\"noopener\"><u>ISO 5009-roller<\/u><\/a>, og Engagement Context Role (ECR), som er akkreditiver definert av vLEI-innehaveren selv. Disse legitimasjonene kan verifiseres uten manuell inngripen, noe som muliggj\u00f8r automatiserte arbeidsflyter.<\/p>\n\n\n\n<p>Den verifiserbare Legal Entity Identifier (vLEI) er utviklet av Global Legal Entity Foundation (GLEIF). GLEIF er en internasjonalt anerkjent organisasjon som fokuserer p\u00e5 implementeringen av det globale identifikasjonssystemet for juridiske enheter, kjent som Legal Entity Identifier (LEI).<\/p>\n\n\n\n<p>Nord vLEI er et datterselskap av <a href=\"https:\/\/nordlei.org\/\" target=\"_blank\" rel=\"noopener\"><u>NordLEI<\/u><\/a> som ble etablert i 2024 med fokus p\u00e5 utvikling, forvaltning og implementering av verifiserbare Legal Entity Identifiers (vLEI).<\/p>\n\n\n\n<p>Nord vLEI bygger p\u00e5 ekspertisen og omd\u00f8mmet til NordLEI, som for tiden er den ledende LEI-utstederen i Norden med mer enn 165 000 Legal Entity Identifiers (LEI-er) utstedt siden 2014.<\/p>\n\n\n\n<p>NordLEI ble anerkjent som den beste LEI-utstederen i Mid-Cap-segmentet av Global Legal Entity Identifier Foundation (GLEIF) i 2023 og er verdens \u00e5ttende st\u00f8rste utsteder av LEI-koder og en GLEIF-akkreditert Local Operating Unit.<\/p>\n\n\n\n<p>NordLEIs prestasjoner, inkludert anerkjennelsen fra GLEIF og statusen som den fremste LEI-utstederen i Skandinavia, gir Nord vLEI et solid grunnlag \u00e5 bygge videre p\u00e5.<\/p>\n\n\n\n<p>Anders \u00c5str\u00f6m, CEO og medgrunnlegger av Nord vLEI, kommenterer:<\/p>\n\n\n\n<p>&#8220;Nord vLEI er stolt over \u00e5 vise vei som den f\u00f8rste europeiske QVI-en. Styrken i den globale \u00f8konomien ligger i \u00e5penhet og tillit. vLEI muliggj\u00f8r funksjonelle, p\u00e5litelige og etiske interaksjoner i en skala vi aldri har sett f\u00f8r, og reduserer i betydelig grad potensialet for svindel og ineffektivitet. Som QVI vil vi levere den samme kvaliteten som vi har blitt kjent for med NordLEI.&#8221;<\/p>\n\n\n\n<p><span style=\"font-size: revert; background-color: var(--wp--preset--color--base); color: var(--wp--preset--color--contrast); font-family: var(--wp--preset--font-family--body);\">Rickard Israelsson, medgrunnlegger av NordLEI, fortsetter:<\/span><p>&#8220;\u00c5 oppn\u00e5 status som Qualified vLEI Issuer bekrefter v\u00e5r visjon om \u00e5 v\u00e6re i forkant av den digitale transformasjonen innen identifisering og autentisering, noe vi har strebet etter siden oppstarten av NordLEI i 2014. vLEI muliggj\u00f8r og effektiviserer p\u00e5litelige og p\u00e5litelige digitale transaksjoner og interaksjoner. Det er en \u00e6re \u00e5 v\u00e6re den f\u00f8rste QVI-en i Europa.&#8221;<\/p><\/p>\n\n\n\n<p>Om Legal Entity Identifiers:<\/p>\n\n\n\n<p>Legal Entity Identifier (LEI) er en kode p\u00e5 20 tegn som er utformet for \u00e5 identifisere juridiske enheter som deltar i finansielle transaksjoner globalt. LEI-systemet har som m\u00e5l \u00e5 \u00f8ke gjennomsiktigheten i finansielle datasystemer og ble opprettet som et svar p\u00e5 finanskrisen i 2007\/2008. En LEI-kode er et krav i mange jurisdiksjoner over hele verden for enheter som er involvert i verdipapirhandel.<\/p>\n\n\n\n<p>Om vLEI<\/p>\n\n\n\n<p>vLEI (Verifiable Legal Entity Identifier) forbedrer den tradisjonelle LEI-en ved \u00e5 innlemme verifiserbar akkreditiver, noe som muliggj\u00f8r digital og desentralisert autentisering av organisasjonsidentiteter for ulike aktiviteter. M\u00e5let er \u00e5 standardisere verifisering av digitale identiteter globalt, noe som vil \u00f8ke \u00e5penheten og tilliten til digitale transaksjoner. <a href=\"https:\/\/vlei.com\/\" target=\"_blank\" rel=\"noopener\"><u>Les mer om vLEI p\u00e5 vlei.com.<\/u><\/a><\/p>\n\n\n\n<p>Om GLEIF:<\/p>\n\n\n\n<p>Global Legal Entity Identifier Foundation (GLEIF) er en sveitsisk non-profit-organisasjon som ble etablert i juni 2014 med m\u00e5l om \u00e5 \u00f8ke \u00e5penheten i internasjonal finans. Den f\u00f8rer tilsyn med LEI-systemet og autoriserer lokale driftsenheter til \u00e5 utstede LEI-er (Legal Entity Identifiers). Den er ogs\u00e5 Root of Trust i vLEI-systemet og kvalifiserer QVI-er til \u00e5 utstede vLEI-er.<\/p>\n\n\n\n<p>Om NordLEI:<\/p>\n\n\n\n<p>NordLEI ble grunnlagt i 2014 og er basert i Stockholm. Selskapet skiller seg ut som en av de ledende LEI-leverand\u00f8rene i Nord-Europa og var den f\u00f8rste i Skandinavia med GLEIF-akkreditering, og den f\u00f8rste i Europa som ble QVI gjennom datterselskapet Nord vLEI. NordLEI er den st\u00f8rste utstederen av LEI-er i Danmark, Norge og Sverige. Selskapet er ogs\u00e5 anerkjent for sitt engasjement for tjenestekvalitet og sikkerhet, inkludert ISO 27001-sertifisering. NordLEI er i samsvar med GDPR-standardene og drives under tilsyn av det svenske Integritetsskyddsmyndigheten (IMY), noe som sikrer streng etterlevelse og databeskyttelsespraksis.<\/p>\n\n\n\n<p><br><\/p>\n","protected":false},"excerpt":{"rendered":"<p>Nord vLEI \u00e4r nu en GLEIF Qualified vLEI Issuer. Nord vLEI fokuserar p\u00e5 utf\u00e4rdandet och hanteringen av vLEI:er och deras tillh\u00f6rande OOR- och ECR-referenser. Nord vLEI \u00e4r nu officiellt den f\u00f6rsta europeiska Qualified vLEI Issuer (QVI) inom vLEI-systemet av GLEIF. Verifierbar Legal Entity Identifier (vLEI) \u00e4r en ny form av digital organisationsidentitet som bygger p\u00e5 [&hellip;]<\/p>\n","protected":false},"author":1,"featured_media":0,"parent":0,"menu_order":0,"comment_status":"closed","ping_status":"closed","template":"","meta":{"footnotes":""},"class_list":["post-159","page","type-page","status-publish","hentry"],"_links":{"self":[{"href":"https:\/\/vlei.io\/se\/wp-json\/wp\/v2\/pages\/159","targetHints":{"allow":["GET"]}}],"collection":[{"href":"https:\/\/vlei.io\/se\/wp-json\/wp\/v2\/pages"}],"about":[{"href":"https:\/\/vlei.io\/se\/wp-json\/wp\/v2\/types\/page"}],"author":[{"embeddable":true,"href":"https:\/\/vlei.io\/se\/wp-json\/wp\/v2\/users\/1"}],"replies":[{"embeddable":true,"href":"https:\/\/vlei.io\/se\/wp-json\/wp\/v2\/comments?post=159"}],"version-history":[{"count":2,"href":"https:\/\/vlei.io\/se\/wp-json\/wp\/v2\/pages\/159\/revisions"}],"predecessor-version":[{"id":162,"href":"https:\/\/vlei.io\/se\/wp-json\/wp\/v2\/pages\/159\/revisions\/162"}],"wp:attachment":[{"href":"https:\/\/vlei.io\/se\/wp-json\/wp\/v2\/media?parent=159"}],"curies":[{"name":"wp","href":"https:\/\/api.w.org\/{rel}","templated":true}]}}