{"id":18,"date":"2023-12-11T03:30:26","date_gmt":"2023-12-11T03:30:26","guid":{"rendered":"https:\/\/vlei.io\/se\/?page_id=18"},"modified":"2024-04-18T11:46:39","modified_gmt":"2024-04-18T11:46:39","slug":"vad-ar-ett-lei-nummer","status":"publish","type":"page","link":"https:\/\/vlei.io\/se\/vad-ar-ett-lei-nummer\/","title":{"rendered":"Vad \u00e4r ett LEI-nummer?"},"content":{"rendered":"\n<p>Ett <a href=\"https:\/\/sv.nordlei.org\" data-type=\"link\" data-id=\"https:\/\/sv.nordlei.org\" target=\"_blank\" rel=\"noopener\">LEI-nummer<\/a> (Legal Entity Identifier) \u00e4r en global standard f\u00f6r identifiering av juridiska enheter som deltar i finansiella transaktioner. Detta 20-tecken l\u00e5nga alfanumeriska kodsystem, baserat p\u00e5 ISO 17442-standarden, m\u00f6jligg\u00f6r entydig identifiering av juridiska enheter \u00f6ver hela v\u00e4rlden. LEI-koden \u00e4r avg\u00f6rande f\u00f6r att \u00f6ka transparens och sp\u00e5rbarhet inom finansmarknaderna, vilket underl\u00e4ttar \u00f6vervakning och analys av finansiella transaktioner och bidrar till att f\u00f6rebygga finansiell missbruk och bedr\u00e4geri.<\/p>\n\n\n\n<p>LEI-systemet implementerades i k\u00f6lvattnet av den globala finanskrisen 2008, som en del av en internationell anstr\u00e4ngning f\u00f6r att f\u00f6rb\u00e4ttra finansiell rapportering och riskhantering. Varje LEI-kod \u00e4r unik och best\u00e5r av en kodstruktur som inkluderar en tv\u00e5bokst\u00e4ver landskod, f\u00f6ljt av 18 alfanumeriska tecken. Dessa koder tilldelas av auktoriserade LEI-utgivare och \u00e4r offentligt tillg\u00e4ngliga i en global databas som drivs av Global Legal Entity Identifier Foundation (GLEIF).<\/p>\n\n\n\n<p>LEI-koden kr\u00e4vs f\u00f6r alla juridiska enheter som deltar i finansiella transaktioner inom ramen f\u00f6r flera internationella regelverk, s\u00e5som EU:s Marknadsmissbruksf\u00f6rordning (MAR) och Marknader f\u00f6r Finansiella Instrument-Direktivet (MiFID II). Dessa regelverk syftar till att \u00f6ka marknadens transparens och skydda investerare. Utan en giltig LEI-kod kan f\u00f6retag och andra juridiska enheter m\u00f6ta hinder i genomf\u00f6randet av v\u00e4rdepappersaff\u00e4rer och andra finansiella transaktioner.<\/p>\n\n\n\n<p>Sammanfattningsvis \u00e4r LEI-koden en grundl\u00e4ggande del av det moderna finansiella ekosystemet, som tillhandah\u00e5ller en standardiserad, p\u00e5litlig och l\u00e4ttillg\u00e4nglig metod f\u00f6r att identifiera juridiska enheter globalt, vilket bidrar till en s\u00e4krare och mer transparent finansmarknad.<\/p>\n","protected":false},"excerpt":{"rendered":"<p>Ett LEI-nummer (Legal Entity Identifier) \u00e4r en global standard f\u00f6r identifiering av juridiska enheter som deltar i finansiella transaktioner. Detta 20-tecken l\u00e5nga alfanumeriska kodsystem, baserat p\u00e5 ISO 17442-standarden, m\u00f6jligg\u00f6r entydig identifiering av juridiska enheter \u00f6ver hela v\u00e4rlden. LEI-koden \u00e4r avg\u00f6rande f\u00f6r att \u00f6ka transparens och sp\u00e5rbarhet inom finansmarknaderna, vilket underl\u00e4ttar \u00f6vervakning och analys av finansiella [&hellip;]<\/p>\n","protected":false},"author":1,"featured_media":0,"parent":0,"menu_order":0,"comment_status":"closed","ping_status":"closed","template":"","meta":{"footnotes":""},"class_list":["post-18","page","type-page","status-publish","hentry"],"_links":{"self":[{"href":"https:\/\/vlei.io\/se\/wp-json\/wp\/v2\/pages\/18","targetHints":{"allow":["GET"]}}],"collection":[{"href":"https:\/\/vlei.io\/se\/wp-json\/wp\/v2\/pages"}],"about":[{"href":"https:\/\/vlei.io\/se\/wp-json\/wp\/v2\/types\/page"}],"author":[{"embeddable":true,"href":"https:\/\/vlei.io\/se\/wp-json\/wp\/v2\/users\/1"}],"replies":[{"embeddable":true,"href":"https:\/\/vlei.io\/se\/wp-json\/wp\/v2\/comments?post=18"}],"version-history":[{"count":2,"href":"https:\/\/vlei.io\/se\/wp-json\/wp\/v2\/pages\/18\/revisions"}],"predecessor-version":[{"id":163,"href":"https:\/\/vlei.io\/se\/wp-json\/wp\/v2\/pages\/18\/revisions\/163"}],"wp:attachment":[{"href":"https:\/\/vlei.io\/se\/wp-json\/wp\/v2\/media?parent=18"}],"curies":[{"name":"wp","href":"https:\/\/api.w.org\/{rel}","templated":true}]}}