{"id":23,"date":"2023-12-11T04:27:38","date_gmt":"2023-12-11T04:27:38","guid":{"rendered":"https:\/\/vlei.io\/se\/?page_id=23"},"modified":"2023-12-11T04:27:39","modified_gmt":"2023-12-11T04:27:39","slug":"var-hittar-jag-lei-kod","status":"publish","type":"page","link":"https:\/\/vlei.io\/se\/var-hittar-jag-lei-kod\/","title":{"rendered":"Var hittar jag LEI-kod?"},"content":{"rendered":"\n<p>F\u00f6r att hitta en LEI-kod (Legal Entity Identifier) kan man v\u00e4nda sig till auktoriserade LEI-utgivare, vilka \u00e4r organisationer godk\u00e4nda att tilldela och f\u00f6rvalta LEI-koder. Dessa utgivare finns \u00f6ver hela v\u00e4rlden och kan hittas via webbplatser som Global Legal Entity Identifier Foundation (GLEIF) och lokala finansiella myndigheter. N\u00e4r man ans\u00f6ker om en LEI-kod via en utgivare, beh\u00f6ver man f\u00f6rse dem med n\u00f6dv\u00e4ndig information om den juridiska enheten, inklusive f\u00f6retagsnamn och registreringsinformation. Efter godk\u00e4nnande och betalning tilldelas en unik LEI-kod. LEI-koder \u00e4r offentligt tillg\u00e4ngliga och kan s\u00f6kas i globala LEI-databaser f\u00f6r att verifiera eller hitta information om specifika juridiska enheter.<\/p>\n\n\n\n<p>Det \u00e4r viktigt att notera att processen f\u00f6r att erh\u00e5lla en LEI-kod kan variera beroende p\u00e5 utgivaren och den juridiska enhetens specifika situation. Utgivarna kan erbjuda olika niv\u00e5er av service, s\u00e5som hj\u00e4lp med ans\u00f6kan och f\u00f6rnyelse av LEI-koder. Dessa tj\u00e4nster kan medf\u00f6ra olika kostnader, beroende p\u00e5 utgivarens priss\u00e4ttning och tj\u00e4nster.<\/p>\n\n\n\n<p>GLEIF tillhandah\u00e5ller en s\u00f6kfunktion p\u00e5 sin webbplats d\u00e4r man kan hitta LEI-koder f\u00f6r olika juridiska enheter. Genom att ange f\u00f6retagsnamn eller LEI-koden i s\u00f6kf\u00e4ltet f\u00e5r man tillg\u00e5ng till detaljerad information om den juridiska enheten, inklusive dess namn, adress, och status f\u00f6r LEI-koden. Denna funktion \u00e4r s\u00e4rskilt anv\u00e4ndbar f\u00f6r att verifiera en LEIs giltighet och f\u00f6r att s\u00e4kerst\u00e4lla att informationen \u00e4r korrekt och uppdaterad.<\/p>\n\n\n\n<p>F\u00f6r f\u00f6retag och andra juridiska enheter som handlar p\u00e5 finansmarknaden \u00e4r det kritiskt att ha en giltig och uppdaterad LEI-kod. LEI-systemet bidrar till att \u00f6ka transparensen och s\u00e4kerheten p\u00e5 finansmarknaderna genom att ge tydlig information om de juridiska enheter som \u00e4r involverade i finansiella transaktioner. Detta \u00e4r s\u00e4rskilt viktigt i ljuset av internationella regelverk som MiFID II, som kr\u00e4ver att alla juridiska enheter som deltar i finansiella transaktioner inom EU ska ha en giltig LEI-kod.<\/p>\n\n\n\n<p>F\u00f6r att s\u00f6ka efter en specifik LEI-kod eller verifiera en LEI, bes\u00f6k <a href=\"https:\/\/search.gleif.org\/#\/search\/\" target=\"_blank\" rel=\"noopener\">GLEIFs s\u00f6kfunktion<\/a>.<\/p>\n","protected":false},"excerpt":{"rendered":"<p>F\u00f6r att hitta en LEI-kod (Legal Entity Identifier) kan man v\u00e4nda sig till auktoriserade LEI-utgivare, vilka \u00e4r organisationer godk\u00e4nda att tilldela och f\u00f6rvalta LEI-koder. Dessa utgivare finns \u00f6ver hela v\u00e4rlden och kan hittas via webbplatser som Global Legal Entity Identifier Foundation (GLEIF) och lokala finansiella myndigheter. N\u00e4r man ans\u00f6ker om en LEI-kod via en utgivare, [&hellip;]<\/p>\n","protected":false},"author":1,"featured_media":0,"parent":0,"menu_order":0,"comment_status":"closed","ping_status":"closed","template":"","meta":{"footnotes":""},"class_list":["post-23","page","type-page","status-publish","hentry"],"_links":{"self":[{"href":"https:\/\/vlei.io\/se\/wp-json\/wp\/v2\/pages\/23","targetHints":{"allow":["GET"]}}],"collection":[{"href":"https:\/\/vlei.io\/se\/wp-json\/wp\/v2\/pages"}],"about":[{"href":"https:\/\/vlei.io\/se\/wp-json\/wp\/v2\/types\/page"}],"author":[{"embeddable":true,"href":"https:\/\/vlei.io\/se\/wp-json\/wp\/v2\/users\/1"}],"replies":[{"embeddable":true,"href":"https:\/\/vlei.io\/se\/wp-json\/wp\/v2\/comments?post=23"}],"version-history":[{"count":1,"href":"https:\/\/vlei.io\/se\/wp-json\/wp\/v2\/pages\/23\/revisions"}],"predecessor-version":[{"id":24,"href":"https:\/\/vlei.io\/se\/wp-json\/wp\/v2\/pages\/23\/revisions\/24"}],"wp:attachment":[{"href":"https:\/\/vlei.io\/se\/wp-json\/wp\/v2\/media?parent=23"}],"curies":[{"name":"wp","href":"https:\/\/api.w.org\/{rel}","templated":true}]}}