{"id":26,"date":"2023-12-11T04:29:34","date_gmt":"2023-12-11T04:29:34","guid":{"rendered":"https:\/\/vlei.io\/se\/?page_id=26"},"modified":"2023-12-11T04:29:35","modified_gmt":"2023-12-11T04:29:35","slug":"nar-behover-man-lei-kod","status":"publish","type":"page","link":"https:\/\/vlei.io\/se\/nar-behover-man-lei-kod\/","title":{"rendered":"N\u00e4r beh\u00f6ver man LEI-kod?"},"content":{"rendered":"\n<p>En LEI-kod (Legal Entity Identifier) \u00e4r n\u00f6dv\u00e4ndig f\u00f6r juridiska enheter som deltar i finansiella transaktioner, s\u00e4rskilt inom EU. Detta inkluderar handel med v\u00e4rdepapper som aktier och obligationer, samt derivattransaktioner. LEI-koden \u00e4r ett krav enligt EU-regelverken som MiFID II och EMIR, f\u00f6r att \u00f6ka transparensen och underl\u00e4tta risk\u00f6vervakning och marknads\u00f6vervakning. Dessutom beh\u00f6vs en LEI-kod f\u00f6r att rapportera till finansiella myndigheter och uppfylla regleringar mot penningtv\u00e4tt och finansiell brottslighet. LEI-koden \u00e4r s\u00e5ledes en central del av identitetsf\u00f6rvaltningen inom den globala finanssektorn.<\/p>\n","protected":false},"excerpt":{"rendered":"<p>En LEI-kod (Legal Entity Identifier) \u00e4r n\u00f6dv\u00e4ndig f\u00f6r juridiska enheter som deltar i finansiella transaktioner, s\u00e4rskilt inom EU. Detta inkluderar handel med v\u00e4rdepapper som aktier och obligationer, samt derivattransaktioner. LEI-koden \u00e4r ett krav enligt EU-regelverken som MiFID II och EMIR, f\u00f6r att \u00f6ka transparensen och underl\u00e4tta risk\u00f6vervakning och marknads\u00f6vervakning. Dessutom beh\u00f6vs en LEI-kod f\u00f6r att [&hellip;]<\/p>\n","protected":false},"author":1,"featured_media":0,"parent":0,"menu_order":0,"comment_status":"closed","ping_status":"closed","template":"","meta":{"footnotes":""},"class_list":["post-26","page","type-page","status-publish","hentry"],"_links":{"self":[{"href":"https:\/\/vlei.io\/se\/wp-json\/wp\/v2\/pages\/26","targetHints":{"allow":["GET"]}}],"collection":[{"href":"https:\/\/vlei.io\/se\/wp-json\/wp\/v2\/pages"}],"about":[{"href":"https:\/\/vlei.io\/se\/wp-json\/wp\/v2\/types\/page"}],"author":[{"embeddable":true,"href":"https:\/\/vlei.io\/se\/wp-json\/wp\/v2\/users\/1"}],"replies":[{"embeddable":true,"href":"https:\/\/vlei.io\/se\/wp-json\/wp\/v2\/comments?post=26"}],"version-history":[{"count":1,"href":"https:\/\/vlei.io\/se\/wp-json\/wp\/v2\/pages\/26\/revisions"}],"predecessor-version":[{"id":27,"href":"https:\/\/vlei.io\/se\/wp-json\/wp\/v2\/pages\/26\/revisions\/27"}],"wp:attachment":[{"href":"https:\/\/vlei.io\/se\/wp-json\/wp\/v2\/media?parent=26"}],"curies":[{"name":"wp","href":"https:\/\/api.w.org\/{rel}","templated":true}]}}