{"id":30,"date":"2023-12-11T04:33:01","date_gmt":"2023-12-11T04:33:01","guid":{"rendered":"https:\/\/vlei.io\/se\/?page_id=30"},"modified":"2023-12-11T04:33:02","modified_gmt":"2023-12-11T04:33:02","slug":"vad-kostar-lei-kod","status":"publish","type":"page","link":"https:\/\/vlei.io\/se\/vad-kostar-lei-kod\/","title":{"rendered":"Vad kostar LEI-kod?"},"content":{"rendered":"\n<p>H\u00e4r \u00e4r en sammanfattning av kostnaden per \u00e5r f\u00f6r LEI-koder hos NordLEI<\/p>\n\n\n\n<figure class=\"wp-block-table\"><table><thead><tr><th>Registreringsperiod<\/th><th>Kostnad per \u00e5r (Registrering)<\/th><th>Kostnad per \u00e5r (F\u00f6rnyelse)<\/th><\/tr><\/thead><tbody><tr><td>1 \u00e5r<\/td><td>999 SEK<\/td><td>799 SEK<\/td><\/tr><tr><td>3 \u00e5r<\/td><td>735 SEK<\/td><td>665 SEK<\/td><\/tr><tr><td>5 \u00e5r<\/td><td>679 SEK<\/td><td>639 SEK<\/td><\/tr><\/tbody><\/table><\/figure>\n\n\n\n<p>Dessa kostnader representerar genomsnittet per \u00e5r baserat p\u00e5 de totala kostnaderna f\u00f6r respektive period. F\u00f6r mer detaljerad information, bes\u00f6k <a href=\"https:\/\/sv.nordlei.org\/support-pricing\" target=\"_blank\" rel=\"noopener\">NordLEI Priss\u00e4ttning<\/a>.<\/p>\n","protected":false},"excerpt":{"rendered":"<p>H\u00e4r \u00e4r en sammanfattning av kostnaden per \u00e5r f\u00f6r LEI-koder hos NordLEI Registreringsperiod Kostnad per \u00e5r (Registrering) Kostnad per \u00e5r (F\u00f6rnyelse) 1 \u00e5r 999 SEK 799 SEK 3 \u00e5r 735 SEK 665 SEK 5 \u00e5r 679 SEK 639 SEK Dessa kostnader representerar genomsnittet per \u00e5r baserat p\u00e5 de totala kostnaderna f\u00f6r respektive period. F\u00f6r mer [&hellip;]<\/p>\n","protected":false},"author":1,"featured_media":0,"parent":0,"menu_order":0,"comment_status":"closed","ping_status":"closed","template":"","meta":{"footnotes":""},"class_list":["post-30","page","type-page","status-publish","hentry"],"_links":{"self":[{"href":"https:\/\/vlei.io\/se\/wp-json\/wp\/v2\/pages\/30","targetHints":{"allow":["GET"]}}],"collection":[{"href":"https:\/\/vlei.io\/se\/wp-json\/wp\/v2\/pages"}],"about":[{"href":"https:\/\/vlei.io\/se\/wp-json\/wp\/v2\/types\/page"}],"author":[{"embeddable":true,"href":"https:\/\/vlei.io\/se\/wp-json\/wp\/v2\/users\/1"}],"replies":[{"embeddable":true,"href":"https:\/\/vlei.io\/se\/wp-json\/wp\/v2\/comments?post=30"}],"version-history":[{"count":1,"href":"https:\/\/vlei.io\/se\/wp-json\/wp\/v2\/pages\/30\/revisions"}],"predecessor-version":[{"id":31,"href":"https:\/\/vlei.io\/se\/wp-json\/wp\/v2\/pages\/30\/revisions\/31"}],"wp:attachment":[{"href":"https:\/\/vlei.io\/se\/wp-json\/wp\/v2\/media?parent=30"}],"curies":[{"name":"wp","href":"https:\/\/api.w.org\/{rel}","templated":true}]}}