{"id":33,"date":"2023-12-11T04:34:04","date_gmt":"2023-12-11T04:34:04","guid":{"rendered":"https:\/\/vlei.io\/se\/?page_id=33"},"modified":"2024-04-18T11:46:20","modified_gmt":"2024-04-18T11:46:20","slug":"hur-ser-en-lei-kod-ut","status":"publish","type":"page","link":"https:\/\/vlei.io\/se\/hur-ser-en-lei-kod-ut\/","title":{"rendered":"Hur ser en LEI-kod ut?"},"content":{"rendered":"\n<p>En LEI-kod (Legal Entity Identifier) best\u00e5r av en 20-tecken l\u00e5ng alfanumerisk str\u00e4ng. Den f\u00f6ljer en standardiserad formatstruktur d\u00e4r de f\u00f6rsta fyra tecknen \u00e4r bokst\u00e4ver som representerar <a href=\"https:\/\/sv.nordlei.org\" data-type=\"link\" data-id=\"https:\/\/sv.nordlei.org\" target=\"_blank\" rel=\"noopener\">LEI-utgivarens kod<\/a>, de n\u00e4sta tv\u00e5 tecknen \u00e4r reserverade tecken (vanligtvis nollor), f\u00f6ljt av tolv alfanumeriska tecken som unikt identifierar den juridiska enheten, och de sista tv\u00e5 tecknen \u00e4r kontrollsiffror. Denna struktur g\u00f6r att varje LEI-kod \u00e4r unik f\u00f6r varje juridisk enhet globalt.<\/p>\n","protected":false},"excerpt":{"rendered":"<p>En LEI-kod (Legal Entity Identifier) best\u00e5r av en 20-tecken l\u00e5ng alfanumerisk str\u00e4ng. Den f\u00f6ljer en standardiserad formatstruktur d\u00e4r de f\u00f6rsta fyra tecknen \u00e4r bokst\u00e4ver som representerar LEI-utgivarens kod, de n\u00e4sta tv\u00e5 tecknen \u00e4r reserverade tecken (vanligtvis nollor), f\u00f6ljt av tolv alfanumeriska tecken som unikt identifierar den juridiska enheten, och de sista tv\u00e5 tecknen \u00e4r kontrollsiffror. [&hellip;]<\/p>\n","protected":false},"author":1,"featured_media":0,"parent":0,"menu_order":0,"comment_status":"closed","ping_status":"closed","template":"","meta":{"footnotes":""},"class_list":["post-33","page","type-page","status-publish","hentry"],"_links":{"self":[{"href":"https:\/\/vlei.io\/se\/wp-json\/wp\/v2\/pages\/33","targetHints":{"allow":["GET"]}}],"collection":[{"href":"https:\/\/vlei.io\/se\/wp-json\/wp\/v2\/pages"}],"about":[{"href":"https:\/\/vlei.io\/se\/wp-json\/wp\/v2\/types\/page"}],"author":[{"embeddable":true,"href":"https:\/\/vlei.io\/se\/wp-json\/wp\/v2\/users\/1"}],"replies":[{"embeddable":true,"href":"https:\/\/vlei.io\/se\/wp-json\/wp\/v2\/comments?post=33"}],"version-history":[{"count":2,"href":"https:\/\/vlei.io\/se\/wp-json\/wp\/v2\/pages\/33\/revisions"}],"predecessor-version":[{"id":164,"href":"https:\/\/vlei.io\/se\/wp-json\/wp\/v2\/pages\/33\/revisions\/164"}],"wp:attachment":[{"href":"https:\/\/vlei.io\/se\/wp-json\/wp\/v2\/media?parent=33"}],"curies":[{"name":"wp","href":"https:\/\/api.w.org\/{rel}","templated":true}]}}