{"id":41,"date":"2023-12-11T04:37:10","date_gmt":"2023-12-11T04:37:10","guid":{"rendered":"https:\/\/vlei.io\/se\/?page_id=41"},"modified":"2023-12-11T04:37:11","modified_gmt":"2023-12-11T04:37:11","slug":"vad-betyder-lei","status":"publish","type":"page","link":"https:\/\/vlei.io\/se\/vad-betyder-lei\/","title":{"rendered":"Vad betyder LEI?"},"content":{"rendered":"\n<p>LEI st\u00e5r f\u00f6r &#8220;Legal Entity Identifier&#8221;, vilket \u00e4r en globalt standardiserad identifieringskod f\u00f6r juridiska enheter som deltar i finansiella transaktioner. LEI-koden syftar till att \u00f6ka transparensen och underl\u00e4tta identifiering och \u00f6vervakning av juridiska enheter p\u00e5 den globala finansmarknaden.<\/p>\n","protected":false},"excerpt":{"rendered":"<p>LEI st\u00e5r f\u00f6r &#8220;Legal Entity Identifier&#8221;, vilket \u00e4r en globalt standardiserad identifieringskod f\u00f6r juridiska enheter som deltar i finansiella transaktioner. LEI-koden syftar till att \u00f6ka transparensen och underl\u00e4tta identifiering och \u00f6vervakning av juridiska enheter p\u00e5 den globala finansmarknaden.<\/p>\n","protected":false},"author":1,"featured_media":0,"parent":0,"menu_order":0,"comment_status":"closed","ping_status":"closed","template":"","meta":{"footnotes":""},"class_list":["post-41","page","type-page","status-publish","hentry"],"_links":{"self":[{"href":"https:\/\/vlei.io\/se\/wp-json\/wp\/v2\/pages\/41","targetHints":{"allow":["GET"]}}],"collection":[{"href":"https:\/\/vlei.io\/se\/wp-json\/wp\/v2\/pages"}],"about":[{"href":"https:\/\/vlei.io\/se\/wp-json\/wp\/v2\/types\/page"}],"author":[{"embeddable":true,"href":"https:\/\/vlei.io\/se\/wp-json\/wp\/v2\/users\/1"}],"replies":[{"embeddable":true,"href":"https:\/\/vlei.io\/se\/wp-json\/wp\/v2\/comments?post=41"}],"version-history":[{"count":1,"href":"https:\/\/vlei.io\/se\/wp-json\/wp\/v2\/pages\/41\/revisions"}],"predecessor-version":[{"id":42,"href":"https:\/\/vlei.io\/se\/wp-json\/wp\/v2\/pages\/41\/revisions\/42"}],"wp:attachment":[{"href":"https:\/\/vlei.io\/se\/wp-json\/wp\/v2\/media?parent=41"}],"curies":[{"name":"wp","href":"https:\/\/api.w.org\/{rel}","templated":true}]}}