{"id":44,"date":"2023-12-11T04:38:05","date_gmt":"2023-12-11T04:38:05","guid":{"rendered":"https:\/\/vlei.io\/se\/?page_id=44"},"modified":"2024-04-18T11:44:46","modified_gmt":"2024-04-18T11:44:46","slug":"varfor-behover-foretagskunder-en-lei-kod","status":"publish","type":"page","link":"https:\/\/vlei.io\/se\/varfor-behover-foretagskunder-en-lei-kod\/","title":{"rendered":"Varf\u00f6r beh\u00f6ver f\u00f6retagskunder en LEI-kod?"},"content":{"rendered":"\n<p>F\u00f6retagskunder beh\u00f6ver en LEI-kod f\u00f6r att efterleva internationella finansiella regelverk och f\u00f6r att kunna genomf\u00f6ra transaktioner p\u00e5 finansmarknaden. En LEI-kod g\u00f6r det m\u00f6jligt att entydigt identifiera juridiska enheter globalt, vilket \u00f6kar transparensen och underl\u00e4ttar riskhantering och rapportering. Den \u00e4r avg\u00f6rande f\u00f6r f\u00f6retag som handlar med v\u00e4rdepapper och andra finansiella instrument, i enlighet med lagstiftning som MiFID II och EMIR.<\/p>\n","protected":false},"excerpt":{"rendered":"<p>F\u00f6retagskunder beh\u00f6ver en LEI-kod f\u00f6r att efterleva internationella finansiella regelverk och f\u00f6r att kunna genomf\u00f6ra transaktioner p\u00e5 finansmarknaden. En LEI-kod g\u00f6r det m\u00f6jligt att entydigt identifiera juridiska enheter globalt, vilket \u00f6kar transparensen och underl\u00e4ttar riskhantering och rapportering. Den \u00e4r avg\u00f6rande f\u00f6r f\u00f6retag som handlar med v\u00e4rdepapper och andra finansiella instrument, i enlighet med lagstiftning som [&hellip;]<\/p>\n","protected":false},"author":1,"featured_media":0,"parent":0,"menu_order":0,"comment_status":"closed","ping_status":"closed","template":"","meta":{"footnotes":""},"class_list":["post-44","page","type-page","status-publish","hentry"],"_links":{"self":[{"href":"https:\/\/vlei.io\/se\/wp-json\/wp\/v2\/pages\/44","targetHints":{"allow":["GET"]}}],"collection":[{"href":"https:\/\/vlei.io\/se\/wp-json\/wp\/v2\/pages"}],"about":[{"href":"https:\/\/vlei.io\/se\/wp-json\/wp\/v2\/types\/page"}],"author":[{"embeddable":true,"href":"https:\/\/vlei.io\/se\/wp-json\/wp\/v2\/users\/1"}],"replies":[{"embeddable":true,"href":"https:\/\/vlei.io\/se\/wp-json\/wp\/v2\/comments?post=44"}],"version-history":[{"count":1,"href":"https:\/\/vlei.io\/se\/wp-json\/wp\/v2\/pages\/44\/revisions"}],"predecessor-version":[{"id":45,"href":"https:\/\/vlei.io\/se\/wp-json\/wp\/v2\/pages\/44\/revisions\/45"}],"wp:attachment":[{"href":"https:\/\/vlei.io\/se\/wp-json\/wp\/v2\/media?parent=44"}],"curies":[{"name":"wp","href":"https:\/\/api.w.org\/{rel}","templated":true}]}}