{"id":47,"date":"2023-12-11T04:39:44","date_gmt":"2023-12-11T04:39:44","guid":{"rendered":"https:\/\/vlei.io\/se\/?page_id=47"},"modified":"2024-04-18T11:45:52","modified_gmt":"2024-04-18T11:45:52","slug":"var-hittar-jag-mitt-lei-nummer","status":"publish","type":"page","link":"https:\/\/vlei.io\/se\/var-hittar-jag-mitt-lei-nummer\/","title":{"rendered":"Var hittar jag mitt LEI-nummer?"},"content":{"rendered":"\n<p>Du kan hitta ditt LEI-nummer genom att s\u00f6ka i en global LEI-databas, som finns tillg\u00e4nglig p\u00e5 webbplatser som Global Legal Entity Identifier Foundation (GLEIF). Genom att ange ditt f\u00f6retagsnamn eller befintlig LEI-kod i s\u00f6kfunktionen kan du snabbt hitta och verifiera din LEI-information. Bes\u00f6k <a href=\"https:\/\/search.gleif.org\/#\/search\/\" target=\"_blank\" rel=\"noopener\">GLEIFs s\u00f6kfunktion<\/a> f\u00f6r att hitta ditt LEI-nummer.<\/p>\n\n\n\n<p>Om du inte har ett LEI-nummer registrerat, kan du enkelt ans\u00f6ka om ett via <a href=\"https:\/\/sv.nordlei.org\/\" target=\"_blank\" rel=\"noopener\">NordLEI<\/a>.<\/p>\n","protected":false},"excerpt":{"rendered":"<p>Du kan hitta ditt LEI-nummer genom att s\u00f6ka i en global LEI-databas, som finns tillg\u00e4nglig p\u00e5 webbplatser som Global Legal Entity Identifier Foundation (GLEIF). Genom att ange ditt f\u00f6retagsnamn eller befintlig LEI-kod i s\u00f6kfunktionen kan du snabbt hitta och verifiera din LEI-information. Bes\u00f6k GLEIFs s\u00f6kfunktion f\u00f6r att hitta ditt LEI-nummer. Om du inte har ett [&hellip;]<\/p>\n","protected":false},"author":1,"featured_media":0,"parent":0,"menu_order":0,"comment_status":"closed","ping_status":"closed","template":"","meta":{"footnotes":""},"class_list":["post-47","page","type-page","status-publish","hentry"],"_links":{"self":[{"href":"https:\/\/vlei.io\/se\/wp-json\/wp\/v2\/pages\/47","targetHints":{"allow":["GET"]}}],"collection":[{"href":"https:\/\/vlei.io\/se\/wp-json\/wp\/v2\/pages"}],"about":[{"href":"https:\/\/vlei.io\/se\/wp-json\/wp\/v2\/types\/page"}],"author":[{"embeddable":true,"href":"https:\/\/vlei.io\/se\/wp-json\/wp\/v2\/users\/1"}],"replies":[{"embeddable":true,"href":"https:\/\/vlei.io\/se\/wp-json\/wp\/v2\/comments?post=47"}],"version-history":[{"count":2,"href":"https:\/\/vlei.io\/se\/wp-json\/wp\/v2\/pages\/47\/revisions"}],"predecessor-version":[{"id":49,"href":"https:\/\/vlei.io\/se\/wp-json\/wp\/v2\/pages\/47\/revisions\/49"}],"wp:attachment":[{"href":"https:\/\/vlei.io\/se\/wp-json\/wp\/v2\/media?parent=47"}],"curies":[{"name":"wp","href":"https:\/\/api.w.org\/{rel}","templated":true}]}}