{"id":51,"date":"2023-12-11T04:41:44","date_gmt":"2023-12-11T04:41:44","guid":{"rendered":"https:\/\/vlei.io\/se\/?page_id=51"},"modified":"2023-12-11T04:41:45","modified_gmt":"2023-12-11T04:41:45","slug":"vad-kostar-ett-lei-nummer","status":"publish","type":"page","link":"https:\/\/vlei.io\/se\/vad-kostar-ett-lei-nummer\/","title":{"rendered":"Vad kostar ett LEI-nummer?"},"content":{"rendered":"\n<p>Kostnaden f\u00f6r ett LEI-nummer kan variera beroende p\u00e5 utgivaren och den valda registreringsperioden. Hos NordLEI, till exempel, kostar en 1-\u00e5rig registrering 999 SEK, medan en 3-\u00e5rig registrering kostar 2 205 SEK och en 5-\u00e5rig registrering 3 395 SEK. F\u00f6r mer detaljerad prisinformation, bes\u00f6k <a href=\"https:\/\/sv.nordlei.org\/\" target=\"_blank\" rel=\"noopener\">NordLEI<\/a>.<\/p>\n","protected":false},"excerpt":{"rendered":"<p>Kostnaden f\u00f6r ett LEI-nummer kan variera beroende p\u00e5 utgivaren och den valda registreringsperioden. Hos NordLEI, till exempel, kostar en 1-\u00e5rig registrering 999 SEK, medan en 3-\u00e5rig registrering kostar 2 205 SEK och en 5-\u00e5rig registrering 3 395 SEK. F\u00f6r mer detaljerad prisinformation, bes\u00f6k NordLEI.<\/p>\n","protected":false},"author":1,"featured_media":0,"parent":0,"menu_order":0,"comment_status":"closed","ping_status":"closed","template":"","meta":{"footnotes":""},"class_list":["post-51","page","type-page","status-publish","hentry"],"_links":{"self":[{"href":"https:\/\/vlei.io\/se\/wp-json\/wp\/v2\/pages\/51","targetHints":{"allow":["GET"]}}],"collection":[{"href":"https:\/\/vlei.io\/se\/wp-json\/wp\/v2\/pages"}],"about":[{"href":"https:\/\/vlei.io\/se\/wp-json\/wp\/v2\/types\/page"}],"author":[{"embeddable":true,"href":"https:\/\/vlei.io\/se\/wp-json\/wp\/v2\/users\/1"}],"replies":[{"embeddable":true,"href":"https:\/\/vlei.io\/se\/wp-json\/wp\/v2\/comments?post=51"}],"version-history":[{"count":1,"href":"https:\/\/vlei.io\/se\/wp-json\/wp\/v2\/pages\/51\/revisions"}],"predecessor-version":[{"id":52,"href":"https:\/\/vlei.io\/se\/wp-json\/wp\/v2\/pages\/51\/revisions\/52"}],"wp:attachment":[{"href":"https:\/\/vlei.io\/se\/wp-json\/wp\/v2\/media?parent=51"}],"curies":[{"name":"wp","href":"https:\/\/api.w.org\/{rel}","templated":true}]}}