{"id":54,"date":"2023-12-11T04:42:32","date_gmt":"2023-12-11T04:42:32","guid":{"rendered":"https:\/\/vlei.io\/se\/?page_id=54"},"modified":"2023-12-11T04:43:07","modified_gmt":"2023-12-11T04:43:07","slug":"vad-menas-med-legal-entity","status":"publish","type":"page","link":"https:\/\/vlei.io\/se\/vad-menas-med-legal-entity\/","title":{"rendered":"Vad menas med Legal Entity?"},"content":{"rendered":"\n<p>Med &#8220;legal entity&#8221; menas en juridisk enhet, vilket kan vara ett f\u00f6retag, organisation, eller annan typ av enhet som har r\u00e4ttslig status. En juridisk enhet kan \u00e4ga egendom, ing\u00e5 avtal, och \u00e4r ofta ansvarig f\u00f6r sina egna skulder och juridiska \u00e5taganden.<\/p>\n","protected":false},"excerpt":{"rendered":"<p>Med &#8220;legal entity&#8221; menas en juridisk enhet, vilket kan vara ett f\u00f6retag, organisation, eller annan typ av enhet som har r\u00e4ttslig status. En juridisk enhet kan \u00e4ga egendom, ing\u00e5 avtal, och \u00e4r ofta ansvarig f\u00f6r sina egna skulder och juridiska \u00e5taganden.<\/p>\n","protected":false},"author":1,"featured_media":0,"parent":0,"menu_order":0,"comment_status":"closed","ping_status":"closed","template":"","meta":{"footnotes":""},"class_list":["post-54","page","type-page","status-publish","hentry"],"_links":{"self":[{"href":"https:\/\/vlei.io\/se\/wp-json\/wp\/v2\/pages\/54","targetHints":{"allow":["GET"]}}],"collection":[{"href":"https:\/\/vlei.io\/se\/wp-json\/wp\/v2\/pages"}],"about":[{"href":"https:\/\/vlei.io\/se\/wp-json\/wp\/v2\/types\/page"}],"author":[{"embeddable":true,"href":"https:\/\/vlei.io\/se\/wp-json\/wp\/v2\/users\/1"}],"replies":[{"embeddable":true,"href":"https:\/\/vlei.io\/se\/wp-json\/wp\/v2\/comments?post=54"}],"version-history":[{"count":1,"href":"https:\/\/vlei.io\/se\/wp-json\/wp\/v2\/pages\/54\/revisions"}],"predecessor-version":[{"id":55,"href":"https:\/\/vlei.io\/se\/wp-json\/wp\/v2\/pages\/54\/revisions\/55"}],"wp:attachment":[{"href":"https:\/\/vlei.io\/se\/wp-json\/wp\/v2\/media?parent=54"}],"curies":[{"name":"wp","href":"https:\/\/api.w.org\/{rel}","templated":true}]}}