{"id":7,"date":"2023-12-05T15:51:50","date_gmt":"2023-12-05T15:51:50","guid":{"rendered":"https:\/\/vlei.io\/se\/?page_id=7"},"modified":"2023-12-05T15:52:04","modified_gmt":"2023-12-05T15:52:04","slug":"om-lei-kod-lei-nummer-legal-entity-identifier-lei","status":"publish","type":"page","link":"https:\/\/vlei.io\/se\/om-lei-kod-lei-nummer-legal-entity-identifier-lei\/","title":{"rendered":"Om LEI kod &amp; LEI nummer: Legal Entity Identifier (LEI)"},"content":{"rendered":"\n<h2 class=\"wp-block-heading\">Vad \u00e4r en LEI kod?<\/h2>\n\n\n\n<p>Legal Entity Identifier (LEI) \u00e4r en global standard f\u00f6r identifiering av juridiska enheter som deltar i finansiella transaktioner. Den 20-tecken l\u00e5nga alfanumeriska koden \u00e4r unik f\u00f6r varje enhet och erbjuder en transparent och enhetlig metod f\u00f6r att identifiera juridiska strukturer globalt. LEI-koder anv\u00e4nds alltmer inom finansv\u00e4rlden f\u00f6r att s\u00e4kerst\u00e4lla \u00f6ppenhet och minska riskerna f\u00f6r bedr\u00e4geri och misstag i finansiella transaktioner.<\/p>\n\n\n\n<figure class=\"wp-block-image\"><img decoding=\"async\" src=\"https:\/\/sv.nordlei.org\/images\/lei-code-structure.jpg\" alt=\"LEI kod struktur | LEI nummer struktur\"\/><\/figure>\n\n\n\n<p>Syftet med LEI \u00e4r att tillhandah\u00e5lla en klar och konsekvent metod f\u00f6r att identifiera juridiska personer och f\u00f6retag p\u00e5 den globala finansmarknaden. Detta \u00e4r s\u00e4rskilt viktigt i en alltmer sammanl\u00e4nkad och globaliserad ekonomi d\u00e4r transaktioner och aff\u00e4rsrelationer ofta str\u00e4cker sig \u00f6ver internationella gr\u00e4nser. Genom att anv\u00e4nda ett LEI-nummer kan f\u00f6retag och finansiella institutioner enkelt och tillf\u00f6rlitligt verifiera identiteten p\u00e5 sina motparter i olika l\u00e4nder, vilket bidrar till att skapa en stabilare och s\u00e4krare global marknadsplats.<\/p>\n\n\n\n<h3 class=\"wp-block-heading\">Historisk bakgrund till LEI-systemet<\/h3>\n\n\n\n<p>LEI-systemet inr\u00e4ttades som ett direkt svar p\u00e5 den globala finanskrisen 2008. Krisen uppenbarade behovet av st\u00f6rre transparens inom finansmarknaderna f\u00f6r att b\u00e4ttre \u00f6vervaka och f\u00f6rst\u00e5 de komplexa n\u00e4tverken av finansiella transaktioner och relationer. G20-l\u00e4nderna och Financial Stability Board (FSB) spelade en avg\u00f6rande roll i utvecklingen av detta system. De f\u00f6reslog att ett globalt, enhetligt system f\u00f6r identifiering av juridiska enheter skulle underl\u00e4tta insamlingen och analysen av finansiell data. P\u00e5 s\u00e5 s\u00e4tt skulle framtida finansiella kriser kunna f\u00f6rhindras.<\/p>\n\n\n\n<p>LEI-systemet fr\u00e4mjar \u00f6kad insyn och ansvarighet p\u00e5 finansmarknaderna genom att s\u00e4kerst\u00e4lla att varje transaktion kan kopplas till en specifik juridisk enhet. Detta minskar risken f\u00f6r missf\u00f6rst\u00e5nd och bedr\u00e4gerier samtidigt som det underl\u00e4ttar regleringsmyndigheters arbete med att \u00f6vervaka och reglera finansmarknaderna.<\/p>\n\n\n\n<h2 class=\"wp-block-heading\">GLEIF, GLEIS, och ROC<\/h2>\n\n\n\n<h3 class=\"wp-block-heading\">Global Legal Entity Identifier Foundation (GLEIF)<\/h3>\n\n\n\n<p><a href=\"https:\/\/www.gleif.org\/en\" target=\"_blank\" rel=\"noreferrer noopener\">Global Legal Entity Identifier Foundation (GLEIF)<\/a>&nbsp;\u00e4r en central akt\u00f6r i hanteringen och integriteten av det globala LEI-systemet. GLEIF ansvarar f\u00f6r att \u00f6vervaka och s\u00e4kerst\u00e4lla kvaliteten p\u00e5 informationen inom LEI-systemet. Genom att s\u00e4kerst\u00e4lla att LEI-data \u00e4r exakta och tillf\u00f6rlitliga, spelar GLEIF en avg\u00f6rande roll i att fr\u00e4mja transparens och effektivitet p\u00e5 den globala finansmarknaden. Organisationen arbetar kontinuerligt f\u00f6r att f\u00f6rb\u00e4ttra och standardisera processerna f\u00f6r utf\u00e4rdande och hantering av LEI-koder. Det \u00e4r avg\u00f6rande f\u00f6r att uppr\u00e4tth\u00e5lla f\u00f6rtroendet och anv\u00e4ndbarheten av LEI-systemet.<\/p>\n\n\n\n<h3 class=\"wp-block-heading\">Global LEI System (GLEIS)<\/h3>\n\n\n\n<p>Det globala LEI-systemet (GLEIS) \u00e4r utformat f\u00f6r att f\u00f6renkla och standardisera identifieringen av juridiska enheter \u00f6ver hela v\u00e4rlden. Systemet m\u00f6jligg\u00f6r en mer effektiv riskhantering och hj\u00e4lper till att identifiera och f\u00f6rhindra finansiellt missbruk genom att tillhandah\u00e5lla en enhetlig och global metod f\u00f6r att identifiera juridiska personer. GLEIS bidrar till att minska komplexiteten och os\u00e4kerheten i transaktioner \u00f6ver gr\u00e4nserna genom att erbjuda en tydlig och konsekvent identifieringsmekanism. Detta system \u00e4r en viktig del av det globala finansiella ekosystemet och st\u00e4rker den globala finansiella infrastrukturen.<\/p>\n\n\n\n<h3 class=\"wp-block-heading\">LEI Regulatory Oversight Committee (ROC)<\/h3>\n\n\n\n<p>LEI Regulatory Oversight Committee (ROC) \u00e4r ett globalt organ som har till uppgift att \u00f6vervaka och reglera det globala LEI-systemet. ROC:s roll inkluderar att s\u00e4kerst\u00e4lla att systemet f\u00f6rvaltas p\u00e5 ett s\u00e4tt som uppr\u00e4tth\u00e5ller dess integritet och effektivitet. Genom att st\u00e4lla krav p\u00e5 standarder och praxis f\u00f6r LEI-utf\u00e4rdande organisationer, bidrar ROC till att uppr\u00e4tth\u00e5lla en h\u00f6g standard av transparens och s\u00e4kerhet inom finansmarknaderna. ROC:s arbete \u00e4r avg\u00f6rande f\u00f6r att LEI-systemet ska forts\u00e4tta vara ett effektivt verktyg f\u00f6r identifiering och riskhantering p\u00e5 den globala finansmarknaden.<\/p>\n\n\n\n<h2 class=\"wp-block-heading\" id=\"vem-behover-en-lei-kod\">LEI f\u00f6r svenska f\u00f6retag<\/h2>\n\n\n\n<h3 class=\"wp-block-heading\">Vem beh\u00f6ver en LEI-kod?<\/h3>\n\n\n\n<p>Inom den svenska och europeiska finansmarknaden \u00e4r anv\u00e4ndningen av LEI-koder inte bara en standardpraxis utan \u00e4ven ett regleringskrav. Alla juridiska personer \u2013 inklusive f\u00f6retag, stiftelser, och vissa typer av f\u00f6reningar \u2013 som deltar i handel med v\u00e4rdepapper m\u00e5ste ha en giltig LEI-kod. Dessa krav g\u00e4ller f\u00f6r alla juridiska personer som handlar med ett brett spektrum av finansiella instrument, inklusive aktier, obligationer, och derivat. Det \u00e4r viktigt att notera att \u00e4ven om enskilda firmor i Sverige inte alltid beh\u00f6ver en LEI-kod s\u00e5 m\u00e5ste de skaffa en om de oms\u00e4tter mer \u00e4n 3 miljoner SEK och handlar med derivat.<\/p>\n\n\n\n<p>F\u00f6r olika f\u00f6retagsformer, som aktiebolag och handelsbolag, \u00e4r kravet p\u00e5 LEI-kod klart definierat. Det \u00e4r \u00e4ven till\u00e4mpligt p\u00e5 finansiella institutioner som banker och f\u00f6rs\u00e4kringsbolag. Detta inneb\u00e4r att om ett f\u00f6retag \u00e4r involverat i v\u00e4rdepappershandel eller andra finansiella transaktioner \u00e4r det n\u00f6dv\u00e4ndigt att skaffa och underh\u00e5lla en giltig LEI-kod. Det g\u00e4ller oavsett storlek eller oms\u00e4ttning.<\/p>\n\n\n\n<h3 class=\"wp-block-heading\">Hur p\u00e5verkar MiFID II och MiFIR anv\u00e4ndningen av LEI?<\/h3>\n\n\n\n<p>MiFID II (<a href=\"https:\/\/www.esma.europa.eu\/publications-and-data\/interactive-single-rulebook\/mifid-ii\" target=\"_blank\" rel=\"noreferrer noopener\">Markets in Financial Instruments Directive II<\/a>) och MiFIR (<a href=\"https:\/\/eur-lex.europa.eu\/legal-content\/EN\/TXT\/?uri=CELEX%3A32014R0600\" target=\"_blank\" rel=\"noreferrer noopener\">Markets in Financial Instruments Regulation<\/a>) \u00e4r omfattande regelverk inom EU som syftar till att \u00f6ka transparensen och f\u00f6rb\u00e4ttra funktionen av finansmarknaderna. Sedan dessa regelverk tr\u00e4dde i kraft i januari 2018 har de haft en betydande inverkan p\u00e5 anv\u00e4ndningen och kraven f\u00f6r LEI-koder.<\/p>\n\n\n\n<p>Dessa regelverk kr\u00e4ver att alla juridiska personer som utf\u00f6r transaktioner i finansiella instrument rapporterar dessa transaktioner med en giltig LEI-kod. Syftet \u00e4r att g\u00f6ra det m\u00f6jligt f\u00f6r tillsynsmyndigheterna att effektivt \u00f6vervaka och analysera marknadsaktiviteter, samt att identifiera och f\u00f6rhindra marknadsmissbruk.<\/p>\n\n\n\n<p>Konsekvenserna f\u00f6r f\u00f6retag som inte f\u00f6ljer dessa direktiv \u00e4r betydande. Utan ett giltig LEI-nummer kan f\u00f6retag nekas genomf\u00f6r finansiella transaktioner. Det kan kan leda till f\u00f6rlorade aff\u00e4rsm\u00f6jligheter och juridiska komplikationer. D\u00e4rf\u00f6r \u00e4r det avg\u00f6rande f\u00f6r f\u00f6retag som \u00e4r aktiva inom EU:s finansmarknader att s\u00e4kerst\u00e4lla att de innehar en aktiv LEI-kod och att den f\u00f6rnyas \u00e5rligen f\u00f6r att uppr\u00e4tth\u00e5lla dess giltighet.<\/p>\n\n\n\n<h2 class=\"wp-block-heading\">Registrera och f\u00f6rnya LEI kod<\/h2>\n\n\n\n<h3 class=\"wp-block-heading\">Steg-f\u00f6r-Steg guide till registrering av LEI<\/h3>\n\n\n\n<p>Att skaffa en Legal Entity Identifier (LEI)-kod f\u00f6r ditt f\u00f6retag \u00e4r en enkel process. St\u00f6rre delen av den n\u00f6dv\u00e4ndiga informationen f\u00f6r att f\u00e5 LEI-koden inh\u00e4mtas direkt fr\u00e5n Bolagsverket. Det grundl\u00e4ggande som kr\u00e4vs fr\u00e5n f\u00f6retagets sida \u00e4r att tillhandah\u00e5lla bolagets namn eller organisationsnummer samt uppgifter om firmatecknare.<\/p>\n\n\n\n<h2 class=\"wp-block-heading\">Steg f\u00f6r att skaffa en Legal Entity Identifier (LEI nummer)<\/h2>\n\n\n\n<ol class=\"wp-block-list\">\n<li><strong><a href=\"https:\/\/sv.nordlei.org\/login#register\" target=\"_blank\" rel=\"noreferrer noopener\">Skapa ett konto<\/a>&nbsp;och fyll i f\u00f6ljande information:<\/strong>Det juridiska namnet p\u00e5 enheten eller organisationsnummer och adressen till huvudkontoret. St\u00f6rre delen av informationen kan automatiskt fyllas i med v\u00e5ra data fr\u00e5n Bolagsverket.<\/li>\n\n\n\n<li><strong>Validering av enhetsinformation<\/strong>NordLEI anv\u00e4nder data fr\u00e5n Bolagsverket f\u00f6r automatisk verifiering av inskickad information mot deras databas. Du har m\u00f6jligheten att v\u00e4lja en valideringsperiod p\u00e5 1, 3, eller 5 \u00e5r. Under denna valda tidsperiod kommer ditt LEI att f\u00f6rnyas automatiskt.<\/li>\n\n\n\n<li><strong>LEI utf\u00e4rdas<\/strong>Ditt LEI-nummer kommer att utf\u00e4rdas efter fullf\u00f6lj betalning. Majoriteten av LEI utf\u00e4rdas och levereras vanligtvis inom en 2-timmarsperiod efter att betalningen har genomf\u00f6rts. Ditt LEI nummer skickas till din e-post adress tillsammans med ett kvitto f\u00f6r redovisning.<\/li>\n<\/ol>\n\n\n\n<h2 class=\"wp-block-heading\">Dokumentkrav f\u00f6r registrering av LEI nummer<\/h2>\n\n\n\n<p>Inga dokument kr\u00e4vs i de flesta fall eftersom vi f\u00e5r all v\u00e5r data fr\u00e5n Bolagsverket. Om du beh\u00f6ver uppdatera din information vid n\u00e5gon tillf\u00e4lle s\u00e5 g\u00f6r du enkelt det i inloggat l\u00e4ge. Alla \u00e4ndringar \u00e4r kostnadsfria.<\/p>\n\n\n\n<h2 class=\"wp-block-heading\">Tidslinje f\u00f6r utf\u00e4rdande av LEI<\/h2>\n\n\n\n<p>NordLEI str\u00e4var alltid efter att vara snabbast i branschen n\u00e4r det kommer till verifierng och utf\u00e4rdande av LEI. De allra flesta LEI koder levereras inom tv\u00e5 timmar fr\u00e5n betalning.<\/p>\n\n\n\n<p>Efter att du har f\u00e5tt ditt LEI kommer det \u00e4ven att laddas upp till den globala LEI-databasen f\u00f6r allm\u00e4n \u00e5tkomst.<\/p>\n\n\n\n<h3 class=\"wp-block-heading\">Prislista och fler\u00e5riga alternativ<\/h3>\n\n\n\n<h4 class=\"wp-block-heading\">Registreringsavgifter<\/h4>\n\n\n\n<p>A breakdown of the fees associated with obtaining and renewing an LEI, including any additional costs that might be incurred.<\/p>\n\n\n\n<figure class=\"wp-block-table\"><table><thead><tr><th>LEI kod \/ \u00e5r<\/th><th>Pris per \u00e5r (SEK)<\/th><\/tr><\/thead><tbody><tr><td>LEI-registrering, 1 \u00e5r<\/td><td>999&nbsp;SEK\/\u00e5r<\/td><\/tr><tr><td>LEI-registrering, 3 \u00e5r<\/td><td>735&nbsp;SEK\/\u00e5r<\/td><\/tr><tr><td>LEI-registrering, 5 \u00e5r<\/td><td>679&nbsp;SEK\/\u00e5r<\/td><\/tr><\/tbody><\/table><\/figure>\n\n\n\n<h4 class=\"wp-block-heading\">\u00c5rlig f\u00f6rnyelseavgift<\/h4>\n\n\n\n<figure class=\"wp-block-table\"><table><thead><tr><th>LEI kod f\u00f6rnyelse\/ \u00e5r<\/th><th>Pris per \u00e5r (SEK)<\/th><\/tr><\/thead><tbody><tr><td>LEI-f\u00f6rnyelse, 1 \u00e5r<\/td><td>799&nbsp;SEK\/\u00e5r<\/td><\/tr><tr><td>LEI-f\u00f6rnyelse, 3 \u00e5r<\/td><td>665&nbsp;SEK\/\u00e5r<\/td><\/tr><tr><td>LEI-f\u00f6rnyelse, 5 \u00e5r<\/td><td>639&nbsp;SEK\/\u00e5r<\/td><\/tr><\/tbody><\/table><\/figure>\n\n\n\n<h4 class=\"wp-block-heading\">Fler\u00e5rig priss\u00e4ttning<\/h4>\n\n\n\n<p>NordLEI erbjuder en priss\u00e4ttningsstruktur f\u00f6r registrering och f\u00f6rnyelse av LEI (Legal Entity Identifier) d\u00e4r fler\u00e5rs-LEI \u00e4r billigare.<\/p>\n\n\n\n<h4 class=\"wp-block-heading\">Automatiserad f\u00f6rnyelse och hantering<\/h4>\n\n\n\n<ul class=\"wp-block-list\">\n<li><strong>Automatiserad F\u00f6rnyelse:<\/strong>F\u00f6r att undvika att din LEI-kod blir inaktiv erbjuder vi en en automatisk f\u00f6rnyelsetj\u00e4nst. Detta inneb\u00e4r att din LEI automatiskt f\u00f6rnyas varje \u00e5r vilket s\u00e4kerst\u00e4ller att din kod alltid \u00e4r aktiv.<\/li>\n\n\n\n<li><strong>Uppdatera F\u00f6retagsinformation:<\/strong>Om det sker n\u00e5gra \u00e4ndringar i ditt f\u00f6retags information (som adress\u00e4ndringar eller \u00e4ndringar i f\u00f6retagsstrukturen), \u00e4r det viktigt att uppdatera dessa uppgifter i din LEI-profil. Detta kan g\u00f6ras i inloggat l\u00e4ge och samtliga \u00e4ndringar \u00e4r kostnadsfria.<\/li>\n<\/ul>\n\n\n\n<h2 class=\"wp-block-heading\" id=\"hur-man-kontrollerar-giltigheten-hos-ett-lei-nummer\">Kontroll av LEI-kodens giltighet<\/h2>\n\n\n\n<h3 class=\"wp-block-heading\">Hur man kontrollerar giltigheten hos ett LEI nummer<\/h3>\n\n\n\n<p>Det \u00e4r viktigt att din LEI kod \u00e4r f\u00f6rblir aktiv. H\u00e4r \u00e4r n\u00e5gra steg f\u00f6r att kontrollera giltigheten av din LEI-kod:<\/p>\n\n\n\n<ol class=\"wp-block-list\">\n<li><strong>Bes\u00f6k v\u00e5r kontrollportal:<\/strong>Anv\u00e4nd v\u00e5r onlineportal f\u00f6r att snabbt och enkelt kontrollera statusen f\u00f6r din LEI-kod. Du beh\u00f6ver bara ange din LEI-kod i s\u00f6kf\u00e4ltet f\u00f6r att f\u00e5 aktuell information.<\/li>\n\n\n\n<li><strong>Integration med GLEIF och Bolagsverket:<\/strong>V\u00e5r system \u00e4r integrerat med GLEIF (Global Legal Entity Identifier Foundation) och&nbsp;<a href=\"https:\/\/bolagsverket.se\/\" target=\"_blank\" rel=\"noreferrer noopener\">Bolagsverket<\/a>. Detta s\u00e4kerst\u00e4ller att din LEI-information\u00e4r uppdaterad och tillf\u00f6rlitlig.<\/li>\n\n\n\n<li><strong>Automatiska p\u00e5minnelser:<\/strong>F\u00f6r att din LEI-kod inte ska l\u00f6pa ut skickar vi ut automatiska automatiska p\u00e5minnelser n\u00e4r det \u00e4r dags att f\u00f6rnya din LEI-kod. Detta hj\u00e4lper dig att h\u00e5lla din LEI-kod aktiv och undvika eventuella avbrott i din aff\u00e4rsverksamhet.<\/li>\n<\/ol>\n\n\n\n<h2 class=\"wp-block-heading\" id=\"hur-lange-ar-en-lei-kod-giltig\">LEI kod: Vanliga fr\u00e5gor och svar<\/h2>\n\n\n\n<h3 class=\"wp-block-heading\">Hur l\u00e4nge \u00e4r en LEI-kod giltig?<\/h3>\n\n\n\n<p>En LEI-kod \u00e4r giltig i ett \u00e5r fr\u00e5n utf\u00e4rdandedatumet. Den m\u00e5ste f\u00f6rnyas \u00e5rligen f\u00f6r att forts\u00e4tta vara giltig.<\/p>\n\n\n\n<h3 class=\"wp-block-heading\">Kan jag registrera ett LEI nummer f\u00f6r flera \u00e5r \u00e5t g\u00e5ngen?<\/h3>\n\n\n\n<p>Ja, du kan v\u00e4lja att registrera din LEI-kod f\u00f6r upp till 5 \u00e5r. Detta s\u00e4kerst\u00e4ller att din kod f\u00f6rblir aktiv och minskar behovet av \u00e5rliga f\u00f6rnyelser.<\/p>\n\n\n\n<h3 class=\"wp-block-heading\">Beh\u00f6ver jag uppdatera mina f\u00f6retagsuppgifter f\u00f6r mitt LEI nummer?<\/h3>\n\n\n\n<p>Ja, det \u00e4r viktigt att h\u00e5lla dina f\u00f6retagsuppgifter aktuella i LEI-registret. Om dina f\u00f6retagsuppgifter \u00e4ndras, b\u00f6r du uppdatera denna information snarast m\u00f6jligt. Alla uppdateringar \u00e4r gratis hos NordLEI.<\/p>\n\n\n\n<h3 class=\"wp-block-heading\">Vad h\u00e4nder om jag inte f\u00f6rnyar min LEI kod?<\/h3>\n\n\n\n<p>Om du inte f\u00f6rnyar din LEI-kod blir den inaktiv. Detta kan leda till problem med finansiella transaktioner och \u00f6verensst\u00e4mmelse med regelverk.<\/p>\n\n\n\n<h3 class=\"wp-block-heading\">Vad \u00e4r vLEI?<\/h3>\n\n\n\n<p>vLEI \u00e4r en vidareutveckling av LEI som \u00e4r digital verifieringsbar och har m\u00f6jligheten att definiera organisatoriska roller. vLEI st\u00e5r f\u00f6r \u201cVerifiable Legal Entity Identifier\u201d. L\u00e4s mer om vLEI p\u00e5&nbsp;<a href=\"https:\/\/vlei.se\/\" target=\"_blank\" rel=\"noreferrer noopener\">https:\/\/vlei.se<\/a><\/p>\n\n\n\n<p>L\u00e4s mer&nbsp;<a href=\"https:\/\/sv.nordlei.org\/vanliga-fragor-om-lei-koder\" target=\"_blank\" rel=\"noreferrer noopener\">Vanliga fr\u00e5gor &amp; Svar<\/a><\/p>\n","protected":false},"excerpt":{"rendered":"<p>Vad \u00e4r en LEI kod? Legal Entity Identifier (LEI) \u00e4r en global standard f\u00f6r identifiering av juridiska enheter som deltar i finansiella transaktioner. Den 20-tecken l\u00e5nga alfanumeriska koden \u00e4r unik f\u00f6r varje enhet och erbjuder en transparent och enhetlig metod f\u00f6r att identifiera juridiska strukturer globalt. LEI-koder anv\u00e4nds alltmer inom finansv\u00e4rlden f\u00f6r att s\u00e4kerst\u00e4lla \u00f6ppenhet [&hellip;]<\/p>\n","protected":false},"author":1,"featured_media":0,"parent":0,"menu_order":0,"comment_status":"closed","ping_status":"closed","template":"","meta":{"footnotes":""},"class_list":["post-7","page","type-page","status-publish","hentry"],"_links":{"self":[{"href":"https:\/\/vlei.io\/se\/wp-json\/wp\/v2\/pages\/7","targetHints":{"allow":["GET"]}}],"collection":[{"href":"https:\/\/vlei.io\/se\/wp-json\/wp\/v2\/pages"}],"about":[{"href":"https:\/\/vlei.io\/se\/wp-json\/wp\/v2\/types\/page"}],"author":[{"embeddable":true,"href":"https:\/\/vlei.io\/se\/wp-json\/wp\/v2\/users\/1"}],"replies":[{"embeddable":true,"href":"https:\/\/vlei.io\/se\/wp-json\/wp\/v2\/comments?post=7"}],"version-history":[{"count":1,"href":"https:\/\/vlei.io\/se\/wp-json\/wp\/v2\/pages\/7\/revisions"}],"predecessor-version":[{"id":9,"href":"https:\/\/vlei.io\/se\/wp-json\/wp\/v2\/pages\/7\/revisions\/9"}],"wp:attachment":[{"href":"https:\/\/vlei.io\/se\/wp-json\/wp\/v2\/media?parent=7"}],"curies":[{"name":"wp","href":"https:\/\/api.w.org\/{rel}","templated":true}]}}